{"id":50,"date":"2018-03-22T21:28:23","date_gmt":"2018-03-22T20:28:23","guid":{"rendered":"http:\/\/fewo-teterow.de\/?page_id=50"},"modified":"2018-04-01T15:53:37","modified_gmt":"2018-04-01T14:53:37","slug":"kontakt","status":"publish","type":"page","link":"https:\/\/fewo-teterow.de\/?page_id=50","title":{"rendered":"Kontakt"},"content":{"rendered":"<p style=\"text-align: center;\">Sie interessieren sich f\u00fcr eine Ferienwohnung?<br \/>\nSie w\u00fcnschen aus anderen Gr\u00fcnden Kontakt zu uns?<br \/>\nDann existieren die folgenden M\u00f6glichkeiten:<\/p>\n<p style=\"text-align: center;\">Adresse: Gisela Seewald, Freiheit 1, 17166 Teterow<br \/>\nTelefon: (03996) 182896<br \/>\nEmail: info(at)fewo-teterow.de<\/p>\n<p style=\"text-align: center;\">Wir freuen uns auf Ihren Besuch.<\/p>\n","protected":false},"excerpt":{"rendered":"<p>Sie interessieren sich f\u00fcr eine Ferienwohnung? Sie w\u00fcnschen aus anderen Gr\u00fcnden Kontakt zu uns? Dann existieren die folgenden M\u00f6glichkeiten: Adresse: Gisela Seewald, Freiheit 1, 17166 Teterow Telefon: (03996) 182896 Email: info(at)fewo-teterow.de Wir freuen uns auf Ihren Besuch.<\/p>\n","protected":false},"author":1,"featured_media":0,"parent":0,"menu_order":0,"comment_status":"closed","ping_status":"closed","template":"","meta":[],"_links":{"self":[{"href":"https:\/\/fewo-teterow.de\/index.php?rest_route=\/wp\/v2\/pages\/50"}],"collection":[{"href":"https:\/\/fewo-teterow.de\/index.php?rest_route=\/wp\/v2\/pages"}],"about":[{"href":"https:\/\/fewo-teterow.de\/index.php?rest_route=\/wp\/v2\/types\/page"}],"author":[{"embeddable":true,"href":"https:\/\/fewo-teterow.de\/index.php?rest_route=\/wp\/v2\/users\/1"}],"replies":[{"embeddable":true,"href":"https:\/\/fewo-teterow.de\/index.php?rest_route=%2Fwp%2Fv2%2Fcomments&post=50"}],"version-history":[{"count":8,"href":"https:\/\/fewo-teterow.de\/index.php?rest_route=\/wp\/v2\/pages\/50\/revisions"}],"predecessor-version":[{"id":122,"href":"https:\/\/fewo-teterow.de\/index.php?rest_route=\/wp\/v2\/pages\/50\/revisions\/122"}],"wp:attachment":[{"href":"https:\/\/fewo-teterow.de\/index.php?rest_route=%2Fwp%2Fv2%2Fmedia&parent=50"}],"curies":[{"name":"wp","href":"https:\/\/api.w.org\/{rel}","templated":true}]}}