{"id":7,"date":"2018-03-21T20:43:33","date_gmt":"2018-03-21T20:43:33","guid":{"rendered":"http:\/\/fewo-teterow.de\/?page_id=7"},"modified":"2020-01-25T17:02:01","modified_gmt":"2020-01-25T16:02:01","slug":"ferienwohnung-1","status":"publish","type":"page","link":"http:\/\/fewo-teterow.de\/?page_id=7","title":{"rendered":"Ferienwohnung 1"},"content":{"rendered":"<p>Ferienwohnung 1 befindet sich im ersten Obergeschoss des Hauses. Zu ihr geh\u00f6ren zwei kombinierte Wohn- und Schlafr\u00e4ume f\u00fcr bis zu vier Personen sowie K\u00fcche und Bad.<\/p>\n<div id='gallery-1' class='gallery galleryid-7 gallery-columns-2 gallery-size-medium'><figure class='gallery-item'>\n\t\t\t<div class='gallery-icon landscape'>\n\t\t\t\t<a href='http:\/\/fewo-teterow.de\/?attachment_id=56'><img width=\"300\" height=\"225\" src=\"http:\/\/fewo-teterow.de\/wp-content\/uploads\/2018\/03\/911-800x600-300x225.jpg\" class=\"attachment-medium size-medium\" alt=\"\" loading=\"lazy\" aria-describedby=\"gallery-1-56\" srcset=\"http:\/\/fewo-teterow.de\/wp-content\/uploads\/2018\/03\/911-800x600-300x225.jpg 300w, http:\/\/fewo-teterow.de\/wp-content\/uploads\/2018\/03\/911-800x600-768x576.jpg 768w, http:\/\/fewo-teterow.de\/wp-content\/uploads\/2018\/03\/911-800x600.jpg 800w\" sizes=\"(max-width: 300px) 100vw, 300px\" \/><\/a>\n\t\t\t<\/div>\n\t\t\t\t<figcaption class='wp-caption-text gallery-caption' id='gallery-1-56'>\n\t\t\t\tWohn-\/Schlafzimmer 1\n\t\t\t\t<\/figcaption><\/figure><figure class='gallery-item'>\n\t\t\t<div class='gallery-icon landscape'>\n\t\t\t\t<a href='http:\/\/fewo-teterow.de\/?attachment_id=154'><img width=\"300\" height=\"251\" src=\"http:\/\/fewo-teterow.de\/wp-content\/uploads\/2020\/01\/BA8EF596-E67B-4EDB-A129-4418F67D3933-300x251.jpeg\" class=\"attachment-medium size-medium\" alt=\"\" loading=\"lazy\" aria-describedby=\"gallery-1-154\" srcset=\"http:\/\/fewo-teterow.de\/wp-content\/uploads\/2020\/01\/BA8EF596-E67B-4EDB-A129-4418F67D3933-300x251.jpeg 300w, http:\/\/fewo-teterow.de\/wp-content\/uploads\/2020\/01\/BA8EF596-E67B-4EDB-A129-4418F67D3933-768x643.jpeg 768w, http:\/\/fewo-teterow.de\/wp-content\/uploads\/2020\/01\/BA8EF596-E67B-4EDB-A129-4418F67D3933-1024x857.jpeg 1024w, http:\/\/fewo-teterow.de\/wp-content\/uploads\/2020\/01\/BA8EF596-E67B-4EDB-A129-4418F67D3933.jpeg 1224w\" sizes=\"(max-width: 300px) 100vw, 300px\" \/><\/a>\n\t\t\t<\/div>\n\t\t\t\t<figcaption class='wp-caption-text gallery-caption' id='gallery-1-154'>\n\t\t\t\tWohn-\/Schlafzimmer 1\n\t\t\t\t<\/figcaption><\/figure><figure class='gallery-item'>\n\t\t\t<div class='gallery-icon landscape'>\n\t\t\t\t<a href='http:\/\/fewo-teterow.de\/?attachment_id=54'><img width=\"300\" height=\"225\" src=\"http:\/\/fewo-teterow.de\/wp-content\/uploads\/2018\/03\/915-800x600-300x225.jpg\" class=\"attachment-medium size-medium\" alt=\"\" loading=\"lazy\" aria-describedby=\"gallery-1-54\" srcset=\"http:\/\/fewo-teterow.de\/wp-content\/uploads\/2018\/03\/915-800x600-300x225.jpg 300w, http:\/\/fewo-teterow.de\/wp-content\/uploads\/2018\/03\/915-800x600-768x576.jpg 768w, http:\/\/fewo-teterow.de\/wp-content\/uploads\/2018\/03\/915-800x600.jpg 800w\" sizes=\"(max-width: 300px) 100vw, 300px\" \/><\/a>\n\t\t\t<\/div>\n\t\t\t\t<figcaption class='wp-caption-text gallery-caption' id='gallery-1-54'>\n\t\t\t\tWohn-\/Schlafzimmer 2\n\t\t\t\t<\/figcaption><\/figure><figure class='gallery-item'>\n\t\t\t<div class='gallery-icon landscape'>\n\t\t\t\t<a href='http:\/\/fewo-teterow.de\/?attachment_id=153'><img width=\"300\" height=\"245\" src=\"http:\/\/fewo-teterow.de\/wp-content\/uploads\/2020\/01\/1159C21D-8F8D-4EB9-9CA9-33ABAD7BF7C0-300x245.jpeg\" class=\"attachment-medium size-medium\" alt=\"\" loading=\"lazy\" aria-describedby=\"gallery-1-153\" srcset=\"http:\/\/fewo-teterow.de\/wp-content\/uploads\/2020\/01\/1159C21D-8F8D-4EB9-9CA9-33ABAD7BF7C0-300x245.jpeg 300w, http:\/\/fewo-teterow.de\/wp-content\/uploads\/2020\/01\/1159C21D-8F8D-4EB9-9CA9-33ABAD7BF7C0-768x627.jpeg 768w, http:\/\/fewo-teterow.de\/wp-content\/uploads\/2020\/01\/1159C21D-8F8D-4EB9-9CA9-33ABAD7BF7C0-1024x836.jpeg 1024w, http:\/\/fewo-teterow.de\/wp-content\/uploads\/2020\/01\/1159C21D-8F8D-4EB9-9CA9-33ABAD7BF7C0.jpeg 1255w\" sizes=\"(max-width: 300px) 100vw, 300px\" \/><\/a>\n\t\t\t<\/div>\n\t\t\t\t<figcaption class='wp-caption-text gallery-caption' id='gallery-1-153'>\n\t\t\t\tWohn-\/Schlafzimmer 2\n\t\t\t\t<\/figcaption><\/figure>\n\t\t<\/div>\n\n<p style=\"text-align: left;\">In beiden Zimmern befindet sich je ein Einzelbett und eine Schlafcouch. Beide Zimmer verf\u00fcgen \u00fcber je einen Flachbildfernseher sowie einen bequemen elektrisch verstellbaren Fernsehsessel.<\/p>\n<p style=\"text-align: left;\">Die K\u00fcche ist ausgestattet mit K\u00fchlschrank mit Gefrierfach, Sp\u00fcle, Mikrowelle, Kaffeemaschine, Wasserkocher, Toaster sowie E-Herd mit Ceran-Kochfeld und Backr\u00f6hre.<\/p>\n<div id='gallery-2' class='gallery galleryid-7 gallery-columns-1 gallery-size-medium'><figure class='gallery-item'>\n\t\t\t<div class='gallery-icon landscape'>\n\t\t\t\t<a href='http:\/\/fewo-teterow.de\/?attachment_id=155'><img width=\"300\" height=\"174\" src=\"http:\/\/fewo-teterow.de\/wp-content\/uploads\/2020\/01\/32ADD52A-C090-4F00-9A78-A49EA29B875C-300x174.jpeg\" class=\"attachment-medium size-medium\" alt=\"\" loading=\"lazy\" aria-describedby=\"gallery-2-155\" srcset=\"http:\/\/fewo-teterow.de\/wp-content\/uploads\/2020\/01\/32ADD52A-C090-4F00-9A78-A49EA29B875C-300x174.jpeg 300w, http:\/\/fewo-teterow.de\/wp-content\/uploads\/2020\/01\/32ADD52A-C090-4F00-9A78-A49EA29B875C-768x445.jpeg 768w, http:\/\/fewo-teterow.de\/wp-content\/uploads\/2020\/01\/32ADD52A-C090-4F00-9A78-A49EA29B875C-1024x594.jpeg 1024w, http:\/\/fewo-teterow.de\/wp-content\/uploads\/2020\/01\/32ADD52A-C090-4F00-9A78-A49EA29B875C.jpeg 1280w\" sizes=\"(max-width: 300px) 100vw, 300px\" \/><\/a>\n\t\t\t<\/div>\n\t\t\t\t<figcaption class='wp-caption-text gallery-caption' id='gallery-2-155'>\n\t\t\t\tK\u00fcche\n\t\t\t\t<\/figcaption><\/figure><figure class='gallery-item'>\n\t\t\t<div class='gallery-icon landscape'>\n\t\t\t\t<a href='http:\/\/fewo-teterow.de\/?attachment_id=55'><img width=\"300\" height=\"225\" src=\"http:\/\/fewo-teterow.de\/wp-content\/uploads\/2018\/03\/917-800x600-300x225.jpg\" class=\"attachment-medium size-medium\" alt=\"\" loading=\"lazy\" aria-describedby=\"gallery-2-55\" srcset=\"http:\/\/fewo-teterow.de\/wp-content\/uploads\/2018\/03\/917-800x600-300x225.jpg 300w, http:\/\/fewo-teterow.de\/wp-content\/uploads\/2018\/03\/917-800x600-768x576.jpg 768w, http:\/\/fewo-teterow.de\/wp-content\/uploads\/2018\/03\/917-800x600.jpg 800w\" sizes=\"(max-width: 300px) 100vw, 300px\" \/><\/a>\n\t\t\t<\/div>\n\t\t\t\t<figcaption class='wp-caption-text gallery-caption' id='gallery-2-55'>\n\t\t\t\tBadezimmer\n\t\t\t\t<\/figcaption><\/figure>\n\t\t<\/div>\n\n","protected":false},"excerpt":{"rendered":"<p>Ferienwohnung 1 befindet sich im ersten Obergeschoss des Hauses. Zu ihr geh\u00f6ren zwei kombinierte Wohn- und Schlafr\u00e4ume f\u00fcr bis zu vier Personen sowie K\u00fcche und Bad. In beiden Zimmern befindet sich je ein Einzelbett und eine Schlafcouch. Beide Zimmer verf\u00fcgen <a href=\"http:\/\/fewo-teterow.de\/?page_id=7\" class=\"read-more\">Weiterlesen<\/a><\/p>\n","protected":false},"author":1,"featured_media":0,"parent":0,"menu_order":0,"comment_status":"closed","ping_status":"closed","template":"","meta":[],"_links":{"self":[{"href":"http:\/\/fewo-teterow.de\/index.php?rest_route=\/wp\/v2\/pages\/7"}],"collection":[{"href":"http:\/\/fewo-teterow.de\/index.php?rest_route=\/wp\/v2\/pages"}],"about":[{"href":"http:\/\/fewo-teterow.de\/index.php?rest_route=\/wp\/v2\/types\/page"}],"author":[{"embeddable":true,"href":"http:\/\/fewo-teterow.de\/index.php?rest_route=\/wp\/v2\/users\/1"}],"replies":[{"embeddable":true,"href":"http:\/\/fewo-teterow.de\/index.php?rest_route=%2Fwp%2Fv2%2Fcomments&post=7"}],"version-history":[{"count":13,"href":"http:\/\/fewo-teterow.de\/index.php?rest_route=\/wp\/v2\/pages\/7\/revisions"}],"predecessor-version":[{"id":163,"href":"http:\/\/fewo-teterow.de\/index.php?rest_route=\/wp\/v2\/pages\/7\/revisions\/163"}],"wp:attachment":[{"href":"http:\/\/fewo-teterow.de\/index.php?rest_route=%2Fwp%2Fv2%2Fmedia&parent=7"}],"curies":[{"name":"wp","href":"https:\/\/api.w.org\/{rel}","templated":true}]}}