{"id":5,"date":"2018-03-21T20:42:58","date_gmt":"2018-03-21T20:42:58","guid":{"rendered":"http:\/\/fewo-teterow.de\/?page_id=5"},"modified":"2022-01-04T10:17:54","modified_gmt":"2022-01-04T09:17:54","slug":"das-haus","status":"publish","type":"page","link":"http:\/\/fewo-teterow.de\/?page_id=5","title":{"rendered":"Das Haus"},"content":{"rendered":"<p><a href=\"http:\/\/fewo-teterow.de\/wp-content\/uploads\/2022\/01\/IMG_20210714_084446_800.jpg\"><img loading=\"lazy\" class=\"aligncenter wp-image-181 size-medium\" src=\"http:\/\/fewo-teterow.de\/wp-content\/uploads\/2022\/01\/IMG_20210714_084446_800-300x234.jpg\" alt=\"\" width=\"300\" height=\"234\" srcset=\"http:\/\/fewo-teterow.de\/wp-content\/uploads\/2022\/01\/IMG_20210714_084446_800-300x234.jpg 300w, http:\/\/fewo-teterow.de\/wp-content\/uploads\/2022\/01\/IMG_20210714_084446_800-768x599.jpg 768w, http:\/\/fewo-teterow.de\/wp-content\/uploads\/2022\/01\/IMG_20210714_084446_800.jpg 800w\" sizes=\"(max-width: 300px) 100vw, 300px\" \/><\/a><\/p>\n<p>Das Haus befindet sich g\u00fcnstig gelegen am Rande der Teterower Innenstadt.<\/p>\n<p>Einkaufsm\u00f6glichkeiten sind in unmittelbarer N\u00e4he vorhanden. Ebenso ein kostenloser gro\u00dfer Parkplatz.<\/p>\n<p>Bei uns schlafen Sie in Daunenbetten mit hochwertiger Interlock-Jersey-Bettw\u00e4sche aus Baumwolle.<\/p>\n","protected":false},"excerpt":{"rendered":"<p>Das Haus befindet sich g\u00fcnstig gelegen am Rande der Teterower Innenstadt. Einkaufsm\u00f6glichkeiten sind in unmittelbarer N\u00e4he vorhanden. Ebenso ein kostenloser gro\u00dfer Parkplatz. Bei uns schlafen Sie in Daunenbetten mit hochwertiger Interlock-Jersey-Bettw\u00e4sche aus Baumwolle.<\/p>\n","protected":false},"author":1,"featured_media":0,"parent":0,"menu_order":0,"comment_status":"closed","ping_status":"closed","template":"","meta":[],"_links":{"self":[{"href":"http:\/\/fewo-teterow.de\/index.php?rest_route=\/wp\/v2\/pages\/5"}],"collection":[{"href":"http:\/\/fewo-teterow.de\/index.php?rest_route=\/wp\/v2\/pages"}],"about":[{"href":"http:\/\/fewo-teterow.de\/index.php?rest_route=\/wp\/v2\/types\/page"}],"author":[{"embeddable":true,"href":"http:\/\/fewo-teterow.de\/index.php?rest_route=\/wp\/v2\/users\/1"}],"replies":[{"embeddable":true,"href":"http:\/\/fewo-teterow.de\/index.php?rest_route=%2Fwp%2Fv2%2Fcomments&post=5"}],"version-history":[{"count":13,"href":"http:\/\/fewo-teterow.de\/index.php?rest_route=\/wp\/v2\/pages\/5\/revisions"}],"predecessor-version":[{"id":183,"href":"http:\/\/fewo-teterow.de\/index.php?rest_route=\/wp\/v2\/pages\/5\/revisions\/183"}],"wp:attachment":[{"href":"http:\/\/fewo-teterow.de\/index.php?rest_route=%2Fwp%2Fv2%2Fmedia&parent=5"}],"curies":[{"name":"wp","href":"https:\/\/api.w.org\/{rel}","templated":true}]}}